{"id":854,"date":"2023-02-26T10:48:34","date_gmt":"2023-02-26T10:48:34","guid":{"rendered":"https:\/\/pruebas.dona-concha.es\/?post_type=product&#038;p=854"},"modified":"2025-03-31T07:59:02","modified_gmt":"2025-03-31T07:59:02","slug":"mar-de-frades-finca-valinas","status":"publish","type":"product","link":"https:\/\/pruebas.dona-concha.es\/?product=mar-de-frades-finca-valinas","title":{"rendered":"Mar de Frades Finca Vali\u00f1as"},"content":{"rendered":"<p>S\u00f3lo de las mejores uvas y procedentes de la Finca Vali\u00f1as nace este vino, destinado a ser uno de los grandes blancos de Espa\u00f1a.<\/p>\n<p>Uno de los m\u00e1s elegantes y sofisticados vinos blancos espa\u00f1oles. Uvas seleccionadas del vi\u00f1edo Finca Vali\u00f1as, junto a la bodega Mar de Frades y frente a la R\u00eda de Arousa. Criado sobre sus propias l\u00edas en acero inoxidable.<\/p>\n","protected":false},"excerpt":{"rendered":"<p>D.O. R\u00edas Baixas<\/p>\n","protected":false},"featured_media":865,"comment_status":"closed","ping_status":"closed","template":"","meta":{"om_disable_all_campaigns":false,"_monsterinsights_skip_tracking":false,"_monsterinsights_sitenote_active":false,"_monsterinsights_sitenote_note":"","_monsterinsights_sitenote_category":0},"product_brand":[],"product_cat":[44,81,34],"product_tag":[],"class_list":{"0":"post-854","1":"product","2":"type-product","3":"status-publish","4":"has-post-thumbnail","6":"product_cat-blancos","7":"product_cat-d-o-rias-baixas","8":"product_cat-vinos","10":"first","11":"instock","12":"shipping-taxable","13":"purchasable","14":"product-type-variable"},"aioseo_notices":[],"_links":{"self":[{"href":"https:\/\/pruebas.dona-concha.es\/index.php?rest_route=\/wp\/v2\/product\/854","targetHints":{"allow":["GET"]}}],"collection":[{"href":"https:\/\/pruebas.dona-concha.es\/index.php?rest_route=\/wp\/v2\/product"}],"about":[{"href":"https:\/\/pruebas.dona-concha.es\/index.php?rest_route=\/wp\/v2\/types\/product"}],"replies":[{"embeddable":true,"href":"https:\/\/pruebas.dona-concha.es\/index.php?rest_route=%2Fwp%2Fv2%2Fcomments&post=854"}],"wp:featuredmedia":[{"embeddable":true,"href":"https:\/\/pruebas.dona-concha.es\/index.php?rest_route=\/wp\/v2\/media\/865"}],"wp:attachment":[{"href":"https:\/\/pruebas.dona-concha.es\/index.php?rest_route=%2Fwp%2Fv2%2Fmedia&parent=854"}],"wp:term":[{"taxonomy":"product_brand","embeddable":true,"href":"https:\/\/pruebas.dona-concha.es\/index.php?rest_route=%2Fwp%2Fv2%2Fproduct_brand&post=854"},{"taxonomy":"product_cat","embeddable":true,"href":"https:\/\/pruebas.dona-concha.es\/index.php?rest_route=%2Fwp%2Fv2%2Fproduct_cat&post=854"},{"taxonomy":"product_tag","embeddable":true,"href":"https:\/\/pruebas.dona-concha.es\/index.php?rest_route=%2Fwp%2Fv2%2Fproduct_tag&post=854"}],"curies":[{"name":"wp","href":"https:\/\/api.w.org\/{rel}","templated":true}]}}