{"id":1024,"date":"2023-02-26T10:51:14","date_gmt":"2023-02-26T10:51:14","guid":{"rendered":"https:\/\/pruebas.dona-concha.es\/?post_type=product&#038;p=1024"},"modified":"2025-03-31T08:03:33","modified_gmt":"2025-03-31T08:03:33","slug":"flor-de-pingus","status":"publish","type":"product","link":"https:\/\/pruebas.dona-concha.es\/?product=flor-de-pingus","title":{"rendered":"Flor de Pingus"},"content":{"rendered":"<p>De perfil m\u00e1s accesible que el grandioso Pingus, Flor de Pingus se presenta como una opci\u00f3n muy interesante para descubrir por qu\u00e9 los vinos de Peter Sisseck han causado un tal revuelo en el panorama vin\u00edcola cotiz\u00e1ndose a\u00f1o tras a\u00f1o a precios al alcance de unos pocos.<\/p>\n<p>Flor de Pingus es uno de los codiciados vinos tintos de la bodega Dominio de Pingus, ubicada en Quintanilla de On\u00e9simo, en la provincia de Valladolid. El dan\u00e9s Peter Sisseck, apodado Pingus en su juventud, es el responsable de haber convertido los vinos de la bodega en aut\u00e9nticas referencias del vino espa\u00f1ol de m\u00e1xima calidad. Las bajas producciones y la pasi\u00f3n por el detalle son la clave de su \u00e9xito.<\/p>\n<p>Flor de Pingus, a menudo denominado err\u00f3neamente el segundo vino de Pingus, es en realidad un vino con personalidad propia que parte de reflexiones distintas a las de aquel. Se trata de un vino elaborado exclusivamente con uvas de cepas viejas de la zona de La Horra que transmite con transparencia el car\u00e1cter de cada a\u00f1ada.<\/p>\n","protected":false},"excerpt":{"rendered":"<p>D.O. Ribera del Duero<\/p>\n","protected":false},"featured_media":1054,"comment_status":"closed","ping_status":"closed","template":"","meta":{"om_disable_all_campaigns":false,"_monsterinsights_skip_tracking":false,"_monsterinsights_sitenote_active":false,"_monsterinsights_sitenote_note":"","_monsterinsights_sitenote_category":0},"product_brand":[],"product_cat":[58,34,45],"product_tag":[],"class_list":{"0":"post-1024","1":"product","2":"type-product","3":"status-publish","4":"has-post-thumbnail","6":"product_cat-tintos-vinos","7":"product_cat-vinos","8":"product_cat-vinos-delivery","10":"first","11":"instock","12":"shipping-taxable","13":"purchasable","14":"product-type-simple"},"aioseo_notices":[],"_links":{"self":[{"href":"https:\/\/pruebas.dona-concha.es\/index.php?rest_route=\/wp\/v2\/product\/1024","targetHints":{"allow":["GET"]}}],"collection":[{"href":"https:\/\/pruebas.dona-concha.es\/index.php?rest_route=\/wp\/v2\/product"}],"about":[{"href":"https:\/\/pruebas.dona-concha.es\/index.php?rest_route=\/wp\/v2\/types\/product"}],"replies":[{"embeddable":true,"href":"https:\/\/pruebas.dona-concha.es\/index.php?rest_route=%2Fwp%2Fv2%2Fcomments&post=1024"}],"wp:featuredmedia":[{"embeddable":true,"href":"https:\/\/pruebas.dona-concha.es\/index.php?rest_route=\/wp\/v2\/media\/1054"}],"wp:attachment":[{"href":"https:\/\/pruebas.dona-concha.es\/index.php?rest_route=%2Fwp%2Fv2%2Fmedia&parent=1024"}],"wp:term":[{"taxonomy":"product_brand","embeddable":true,"href":"https:\/\/pruebas.dona-concha.es\/index.php?rest_route=%2Fwp%2Fv2%2Fproduct_brand&post=1024"},{"taxonomy":"product_cat","embeddable":true,"href":"https:\/\/pruebas.dona-concha.es\/index.php?rest_route=%2Fwp%2Fv2%2Fproduct_cat&post=1024"},{"taxonomy":"product_tag","embeddable":true,"href":"https:\/\/pruebas.dona-concha.es\/index.php?rest_route=%2Fwp%2Fv2%2Fproduct_tag&post=1024"}],"curies":[{"name":"wp","href":"https:\/\/api.w.org\/{rel}","templated":true}]}}